{"id":39,"date":"2018-12-17T10:28:27","date_gmt":"2018-12-17T10:28:27","guid":{"rendered":"http:\/\/18.195.51.91\/?page_id=39"},"modified":"2020-10-26T11:55:37","modified_gmt":"2020-10-26T11:55:37","slug":"proyecto-3","status":"publish","type":"page","link":"https:\/\/www.faunapyr.eu\/wp\/ca\/proyecto-3\/","title":{"rendered":"Projecte"},"content":{"rendered":"<div class=\"row\">\n<div class=\"col-sm-12 col-md-6\">\n<div class=\"row\">\n<h1 class=\"title\">Projecte FAUNAPYR<\/h1>\n<\/div>\n<div class=\"row\">\n<p class=\"p1\"><span class=\"s1\">FAUNAPYR \u00e9s un projecte europeu POCTEFA que contribueix a la protecci\u00f3 dels ecosistemes transfronterers mitjan\u00e7ant la millora del coneixement sobre la distribuci\u00f3 espacial de la fauna pirinenca.\u202f<\/span><span class=\"s2\">\u202f<\/span><\/p>\n<p class=\"p1\"><span class=\"s1\">Un projecte que t\u00e9 com a objectiu aglutinar tota la fauna pirinenca en un sol web.<\/span><\/p>\n<p class=\"p1\"><span class=\"s1\">A m\u00e9s, pret\u00e9n valoritzar i socialitzar l&#8217;aportaci\u00f3 de la ci\u00e8ncia ciutadana al coneixement i conservaci\u00f3 dels ecosistemes pirinencs.<\/span><\/p>\n<p class=\"p1\"><span class=\"s1\">Durant el projecte, que s\u2019allargar\u00e0 fins a finals del 2020, es realitzaran les seg\u00fcents accions: <\/span><\/p>\n<ul class=\"ul1\">\n<li class=\"li3\"><span class=\"s1\">Creaci\u00f3 d&#8217;una xarxa de col\u00b7laboraci\u00f3 entre entitats generadores d&#8217;informaci\u00f3 sobre fauna.<\/span><\/li>\n<li class=\"li3\"><span class=\"s1\" plataforma=\"\" en=\"\" l\u00ednia=\"\" de=\"\" visualitzaci\u00f3=\"\" i=\"\" consulta=\"\" dades=\"\" sobre=\"\" fauna=\"\" l'\u00e0mbit=\"\" pirinenc.<=\"\" span=\"\"><\/span><\/li>\n<li class=\"li3\"><span class=\"s1\">Creaci\u00f3 d&#8217;eines d\u2019\u00fas de les dades per millorar la conservaci\u00f3 de la biodiversitat i les activitats tur\u00edstiques vinculades a l&#8217;observaci\u00f3 de fauna.<\/span><\/li>\n<\/ul>\n<p class=\"p1\"><span class=\"s1\">Aquest projecte ha estat cofinan\u00e7at al 65% pel Fons Europeu de Desenvolupament Regional (FEDER) a trav\u00e9s del programa Interreg V-A Espanya-Fran\u00e7a-Andorra (POCTEFA 2014-2020). L&#8217;objectiu del POCTEFA \u00e9s refor\u00e7ar la integraci\u00f3 econ\u00f2mica i social de la zona fronterera Espanya-Fran\u00e7a-Andorra. La seva ajuda es concentra en el desenvolupament d&#8217;activitats econ\u00f2miques, socials i mediambientals transfrontereres a trav\u00e9s d&#8217;estrat\u00e8gies conjuntes a favor del desenvolupament territorial sostenible.<\/span><\/p>\n<\/div>\n<\/div>\n<div class=\"col-sm-12 col-md-6\">\n<img class=\"avia_image\" id=\"home_image\" src=\"https:\/\/www.faunapyr.eu\/wp\/wp-content\/uploads\/img\/fondoHome2.png\" alt=\"fondoHome\" title=\"fondoHome2\"><\/div>\n<\/div>\n","protected":false},"excerpt":{"rendered":"<p>Projecte FAUNAPYR FAUNAPYR \u00e9s un projecte europeu POCTEFA que contribueix a la protecci\u00f3 dels ecosistemes transfronterers mitjan\u00e7ant la millora del coneixement sobre la distribuci\u00f3 espacial de la fauna pirinenca.\u202f\u202f Un projecte que t\u00e9 com a objectiu aglutinar tota la fauna pirinenca en un sol web. A m\u00e9s, pret\u00e9n valoritzar i socialitzar l&#8217;aportaci\u00f3 de la ci\u00e8ncia [&hellip;]<\/p>\n","protected":false},"author":1,"featured_media":0,"parent":0,"menu_order":0,"comment_status":"closed","ping_status":"closed","template":"","meta":[],"_links":{"self":[{"href":"https:\/\/www.faunapyr.eu\/wp\/wp-json\/wp\/v2\/pages\/39"}],"collection":[{"href":"https:\/\/www.faunapyr.eu\/wp\/wp-json\/wp\/v2\/pages"}],"about":[{"href":"https:\/\/www.faunapyr.eu\/wp\/wp-json\/wp\/v2\/types\/page"}],"author":[{"embeddable":true,"href":"https:\/\/www.faunapyr.eu\/wp\/wp-json\/wp\/v2\/users\/1"}],"replies":[{"embeddable":true,"href":"https:\/\/www.faunapyr.eu\/wp\/wp-json\/wp\/v2\/comments?post=39"}],"version-history":[{"count":7,"href":"https:\/\/www.faunapyr.eu\/wp\/wp-json\/wp\/v2\/pages\/39\/revisions"}],"predecessor-version":[{"id":637,"href":"https:\/\/www.faunapyr.eu\/wp\/wp-json\/wp\/v2\/pages\/39\/revisions\/637"}],"wp:attachment":[{"href":"https:\/\/www.faunapyr.eu\/wp\/wp-json\/wp\/v2\/media?parent=39"}],"curies":[{"name":"wp","href":"https:\/\/api.w.org\/{rel}","templated":true}]}}